{"id":481,"date":"2019-12-27T16:08:31","date_gmt":"2019-12-27T19:08:31","guid":{"rendered":"https:\/\/www.condordelosandes.com\/ubicacion\/"},"modified":"2021-09-01T15:06:27","modified_gmt":"2021-09-01T18:06:27","slug":"ubicacion","status":"publish","type":"page","link":"https:\/\/www.infinitosurelchalten.com\/en\/ubicacion\/","title":{"rendered":"Location"},"content":{"rendered":"<p>[vc_row type=&#8221;vc_default&#8221; full_width=&#8221;stretch_row_content_no_spaces&#8221;][vc_column][vc_column_text]<iframe loading=\"lazy\" style=\"border: 0;\" src=\"https:\/\/www.google.com\/maps\/embed?pb=!1m18!1m12!1m3!1d2600.0671335769425!2d-72.89095284839283!3d-49.331947779235314!2m3!1f0!2f0!3f0!3m2!1i1024!2i768!4f13.1!3m3!1m2!1s0xbdbd03fc88958235%3A0x1eedc0737ee03d98!2sHosteria%20Infinito%20Sur!5e0!3m2!1ses!2sar!4v1630515319376!5m2!1ses!2sar\" width=\"100%\" height=\"450\" allowfullscreen=\"allowfullscreen\"><\/iframe>[\/vc_column_text][\/vc_column][\/vc_row][vc_row type=&#8221;vc_default&#8221; gap=&#8221;35&#8243;][vc_column width=&#8221;2\/3&#8243;][vc_column_text]<strong>DISTANCE FROM:<\/strong><\/p>\n<p>\u2013 Piedra Buena 343km<br \/>\n\u2013 El Calafate 220km<\/p>\n<p><strong>Bus regular services from R\u00edo Gallegos and El Calafate.<\/strong><br \/>\nCentrally located in El Chalt\u00e9n, near all services.[\/vc_column_text][\/vc_column][vc_column width=&#8221;1\/3&#8243;][vc_column_text]Are you in El Chalten? We help you to get to Infinito Sur from where you are.[\/vc_column_text]<div class=\"ult-spacer spacer-6a079610b685b\" data-id=\"6a079610b685b\" data-height=\"20\" data-height-mobile=\"20\" data-height-tab=\"20\" data-height-tab-portrait=\"\" data-height-mobile-landscape=\"\" style=\"clear:both;display:block;\"><\/div><div class=\" ubtn-ctn-left \"><a class=\"ubtn-link ult-adjust-bottom-margin ubtn-left ubtn-normal \" href=\"https:\/\/www.google.com.ar\/maps\/dir\/\/Hosteria+Infinito+Sur,+Riquelme+208,+Z9301+El+Chalten,+Santa+Cruz\/@-49.3319478,-72.8909528,17z\/data=!4m8!4m7!1m0!1m5!1m1!1s0xbdbd03fc88958235:0x1eedc0737ee03d98!2m2!1d-72.8887588!2d-49.3319478\" target=\"_blank\" rel=\"noopener\" ><button type=\"button\" id=\"ubtn-2594\"  class=\"ubtn ult-adjust-bottom-margin ult-responsive ubtn-normal ubtn-no-hover-bg  none  ubtn-left   tooltip-6a079610b68cf\"  data-hover=\"#ffffff\" data-border-color=\"\" data-bg=\"#89a9d9\" data-hover-bg=\"#bbd256\" data-border-hover=\"\" data-shadow-hover=\"\" data-shadow-click=\"none\" data-shadow=\"\" data-shd-shadow=\"\"  data-ultimate-target='#ubtn-2594'  data-responsive-json-new='{\"font-size\":\"desktop:16px;\",\"line-height\":\"\"}'  style=\"font-family:&#039;Montserrat&#039;;font-weight:600;border:none;background: #89a9d9;color: #ffffff;\"><span class=\"ubtn-hover\" style=\"background-color:#bbd256\"><\/span><span class=\"ubtn-data ubtn-text \" >HOW TO GET<\/span><\/button><\/a><\/div>[\/vc_column][\/vc_row]<\/p>\n","protected":false},"excerpt":{"rendered":"<p>[vc_row type=&#8221;vc_default&#8221; full_width=&#8221;stretch_row_content_no_spaces&#8221;][vc_column][vc_column_text][\/vc_column_text][\/vc_column][\/vc_row][vc_row type=&#8221;vc_default&#8221; gap=&#8221;35&#8243;][vc_column width=&#8221;2\/3&#8243;][vc_column_text]DISTANCE FROM: \u2013 Piedra Buena 343km \u2013 El Calafate 220km Bus regular services from R\u00edo Gallegos and El Calafate. Centrally located in El Chalt\u00e9n, near all services.[\/vc_column_text][\/vc_column][vc_column width=&#8221;1\/3&#8243;][vc_column_text]Are you in El Chalten? We help you to get to Infinito Sur from where you are.[\/vc_column_text][\/vc_column][\/vc_row]<\/p>\n","protected":false},"author":1,"featured_media":0,"parent":0,"menu_order":0,"comment_status":"closed","ping_status":"closed","template":"","meta":{"_joinchat":[],"footnotes":""},"class_list":["post-481","page","type-page","status-publish","hentry","description-off"],"yoast_head":"<!-- This site is optimized with the Yoast SEO plugin v26.3 - https:\/\/yoast.com\/wordpress\/plugins\/seo\/ -->\n<title>Location - Hoster\u00eda Infinito Sur - El Chalt\u00e9n<\/title>\n<meta name=\"robots\" content=\"index, follow, max-snippet:-1, max-image-preview:large, max-video-preview:-1\" \/>\n<link rel=\"canonical\" href=\"https:\/\/www.infinitosurelchalten.com\/en\/ubicacion\/\" \/>\n<meta property=\"og:locale\" content=\"en_US\" \/>\n<meta property=\"og:type\" content=\"article\" \/>\n<meta property=\"og:title\" content=\"Location - Hoster\u00eda Infinito Sur - El Chalt\u00e9n\" \/>\n<meta property=\"og:description\" content=\"[vc_row type=&#8221;vc_default&#8221; full_width=&#8221;stretch_row_content_no_spaces&#8221;][vc_column][vc_column_text][\/vc_column_text][\/vc_column][\/vc_row][vc_row type=&#8221;vc_default&#8221; gap=&#8221;35&#8243;][vc_column width=&#8221;2\/3&#8243;][vc_column_text]DISTANCE FROM: \u2013 Piedra Buena 343km \u2013 El Calafate 220km Bus regular services from R\u00edo Gallegos and El Calafate. Centrally located in El Chalt\u00e9n, near all services.[\/vc_column_text][\/vc_column][vc_column width=&#8221;1\/3&#8243;][vc_column_text]Are you in El Chalten? We help you to get to Infinito Sur from where you are.[\/vc_column_text][\/vc_column][\/vc_row]\" \/>\n<meta property=\"og:url\" content=\"https:\/\/www.infinitosurelchalten.com\/en\/ubicacion\/\" \/>\n<meta property=\"og:site_name\" content=\"Hoster\u00eda Infinito Sur - El Chalt\u00e9n\" \/>\n<meta property=\"article:modified_time\" content=\"2021-09-01T18:06:27+00:00\" \/>\n<meta name=\"twitter:card\" content=\"summary_large_image\" \/>\n<meta name=\"twitter:label1\" content=\"Est. reading time\" \/>\n\t<meta name=\"twitter:data1\" content=\"1 minute\" \/>\n<script type=\"application\/ld+json\" class=\"yoast-schema-graph\">{\"@context\":\"https:\/\/schema.org\",\"@graph\":[{\"@type\":\"WebPage\",\"@id\":\"https:\/\/www.infinitosurelchalten.com\/en\/ubicacion\/\",\"url\":\"https:\/\/www.infinitosurelchalten.com\/en\/ubicacion\/\",\"name\":\"Location - Hoster\u00eda Infinito Sur - El Chalt\u00e9n\",\"isPartOf\":{\"@id\":\"https:\/\/www.infinitosurelchalten.com\/#website\"},\"datePublished\":\"2019-12-27T19:08:31+00:00\",\"dateModified\":\"2021-09-01T18:06:27+00:00\",\"breadcrumb\":{\"@id\":\"https:\/\/www.infinitosurelchalten.com\/en\/ubicacion\/#breadcrumb\"},\"inLanguage\":\"en-US\",\"potentialAction\":[{\"@type\":\"ReadAction\",\"target\":[\"https:\/\/www.infinitosurelchalten.com\/en\/ubicacion\/\"]}]},{\"@type\":\"BreadcrumbList\",\"@id\":\"https:\/\/www.infinitosurelchalten.com\/en\/ubicacion\/#breadcrumb\",\"itemListElement\":[{\"@type\":\"ListItem\",\"position\":1,\"name\":\"Portada\",\"item\":\"https:\/\/www.infinitosurelchalten.com\/en\/\"},{\"@type\":\"ListItem\",\"position\":2,\"name\":\"Location\"}]},{\"@type\":\"WebSite\",\"@id\":\"https:\/\/www.infinitosurelchalten.com\/#website\",\"url\":\"https:\/\/www.infinitosurelchalten.com\/\",\"name\":\"Hoster\u00eda Infinito Sur - El Chalt\u00e9n\",\"description\":\"Hoster\u00eda en El Chalt\u00e9n - Patagonia Argentina\",\"potentialAction\":[{\"@type\":\"SearchAction\",\"target\":{\"@type\":\"EntryPoint\",\"urlTemplate\":\"https:\/\/www.infinitosurelchalten.com\/?s={search_term_string}\"},\"query-input\":{\"@type\":\"PropertyValueSpecification\",\"valueRequired\":true,\"valueName\":\"search_term_string\"}}],\"inLanguage\":\"en-US\"}]}<\/script>\n<!-- \/ Yoast SEO plugin. -->","yoast_head_json":{"title":"Location - Hoster\u00eda Infinito Sur - El Chalt\u00e9n","robots":{"index":"index","follow":"follow","max-snippet":"max-snippet:-1","max-image-preview":"max-image-preview:large","max-video-preview":"max-video-preview:-1"},"canonical":"https:\/\/www.infinitosurelchalten.com\/en\/ubicacion\/","og_locale":"en_US","og_type":"article","og_title":"Location - Hoster\u00eda Infinito Sur - El Chalt\u00e9n","og_description":"[vc_row type=&#8221;vc_default&#8221; full_width=&#8221;stretch_row_content_no_spaces&#8221;][vc_column][vc_column_text][\/vc_column_text][\/vc_column][\/vc_row][vc_row type=&#8221;vc_default&#8221; gap=&#8221;35&#8243;][vc_column width=&#8221;2\/3&#8243;][vc_column_text]DISTANCE FROM: \u2013 Piedra Buena 343km \u2013 El Calafate 220km Bus regular services from R\u00edo Gallegos and El Calafate. Centrally located in El Chalt\u00e9n, near all services.[\/vc_column_text][\/vc_column][vc_column width=&#8221;1\/3&#8243;][vc_column_text]Are you in El Chalten? We help you to get to Infinito Sur from where you are.[\/vc_column_text][\/vc_column][\/vc_row]","og_url":"https:\/\/www.infinitosurelchalten.com\/en\/ubicacion\/","og_site_name":"Hoster\u00eda Infinito Sur - El Chalt\u00e9n","article_modified_time":"2021-09-01T18:06:27+00:00","twitter_card":"summary_large_image","twitter_misc":{"Est. reading time":"1 minute"},"schema":{"@context":"https:\/\/schema.org","@graph":[{"@type":"WebPage","@id":"https:\/\/www.infinitosurelchalten.com\/en\/ubicacion\/","url":"https:\/\/www.infinitosurelchalten.com\/en\/ubicacion\/","name":"Location - Hoster\u00eda Infinito Sur - El Chalt\u00e9n","isPartOf":{"@id":"https:\/\/www.infinitosurelchalten.com\/#website"},"datePublished":"2019-12-27T19:08:31+00:00","dateModified":"2021-09-01T18:06:27+00:00","breadcrumb":{"@id":"https:\/\/www.infinitosurelchalten.com\/en\/ubicacion\/#breadcrumb"},"inLanguage":"en-US","potentialAction":[{"@type":"ReadAction","target":["https:\/\/www.infinitosurelchalten.com\/en\/ubicacion\/"]}]},{"@type":"BreadcrumbList","@id":"https:\/\/www.infinitosurelchalten.com\/en\/ubicacion\/#breadcrumb","itemListElement":[{"@type":"ListItem","position":1,"name":"Portada","item":"https:\/\/www.infinitosurelchalten.com\/en\/"},{"@type":"ListItem","position":2,"name":"Location"}]},{"@type":"WebSite","@id":"https:\/\/www.infinitosurelchalten.com\/#website","url":"https:\/\/www.infinitosurelchalten.com\/","name":"Hoster\u00eda Infinito Sur - El Chalt\u00e9n","description":"Hoster\u00eda en El Chalt\u00e9n - Patagonia Argentina","potentialAction":[{"@type":"SearchAction","target":{"@type":"EntryPoint","urlTemplate":"https:\/\/www.infinitosurelchalten.com\/?s={search_term_string}"},"query-input":{"@type":"PropertyValueSpecification","valueRequired":true,"valueName":"search_term_string"}}],"inLanguage":"en-US"}]}},"_links":{"self":[{"href":"https:\/\/www.infinitosurelchalten.com\/en\/wp-json\/wp\/v2\/pages\/481","targetHints":{"allow":["GET"]}}],"collection":[{"href":"https:\/\/www.infinitosurelchalten.com\/en\/wp-json\/wp\/v2\/pages"}],"about":[{"href":"https:\/\/www.infinitosurelchalten.com\/en\/wp-json\/wp\/v2\/types\/page"}],"author":[{"embeddable":true,"href":"https:\/\/www.infinitosurelchalten.com\/en\/wp-json\/wp\/v2\/users\/1"}],"replies":[{"embeddable":true,"href":"https:\/\/www.infinitosurelchalten.com\/en\/wp-json\/wp\/v2\/comments?post=481"}],"version-history":[{"count":0,"href":"https:\/\/www.infinitosurelchalten.com\/en\/wp-json\/wp\/v2\/pages\/481\/revisions"}],"wp:attachment":[{"href":"https:\/\/www.infinitosurelchalten.com\/en\/wp-json\/wp\/v2\/media?parent=481"}],"curies":[{"name":"wp","href":"https:\/\/api.w.org\/{rel}","templated":true}]}}